
{"id":2099,"date":"2025-08-21T14:02:38","date_gmt":"2025-08-21T12:02:38","guid":{"rendered":"https:\/\/parebrise78.com\/?page_id=2099"},"modified":"2025-08-21T14:12:37","modified_gmt":"2025-08-21T12:12:37","slug":"aspects-techniques","status":"publish","type":"page","link":"https:\/\/parebrise78.com\/index.php\/aspects-techniques\/","title":{"rendered":"Aspects techniques"},"content":{"rendered":"\t\t<div data-elementor-type=\"wp-page\" data-elementor-id=\"2099\" class=\"elementor elementor-2099\">\n\t\t\t\t\t\t\t\t\t<section class=\"elementor-section elementor-top-section elementor-element elementor-element-0bde344 elementor-section-boxed elementor-section-height-default elementor-section-height-default\" data-id=\"0bde344\" data-element_type=\"section\">\n\t\t\t\t\t\t<div class=\"elementor-container elementor-column-gap-default\">\n\t\t\t\t\t<div class=\"elementor-column elementor-col-100 elementor-top-column elementor-element elementor-element-99696eb\" data-id=\"99696eb\" data-element_type=\"column\">\n\t\t\t<div class=\"elementor-widget-wrap elementor-element-populated\">\n\t\t\t\t\t\t\t\t<div class=\"elementor-element elementor-element-0f6f3ed elementor-widget elementor-widget-heading\" data-id=\"0f6f3ed\" data-element_type=\"widget\" data-widget_type=\"heading.default\">\n\t\t\t\t<div class=\"elementor-widget-container\">\n\t\t\t<style>\/*! elementor - v3.14.0 - 26-06-2023 *\/\n.elementor-heading-title{padding:0;margin:0;line-height:1}.elementor-widget-heading .elementor-heading-title[class*=elementor-size-]>a{color:inherit;font-size:inherit;line-height:inherit}.elementor-widget-heading .elementor-heading-title.elementor-size-small{font-size:15px}.elementor-widget-heading .elementor-heading-title.elementor-size-medium{font-size:19px}.elementor-widget-heading .elementor-heading-title.elementor-size-large{font-size:29px}.elementor-widget-heading .elementor-heading-title.elementor-size-xl{font-size:39px}.elementor-widget-heading .elementor-heading-title.elementor-size-xxl{font-size:59px}<\/style><h2 class=\"elementor-heading-title elementor-size-default\">\ud83d\udd34 Ce qu\u2019il ne faut jamais faire !<\/h2>\t\t<\/div>\n\t\t\t\t<\/div>\n\t\t\t\t<div class=\"elementor-element elementor-element-b31e613 elementor-widget elementor-widget-text-editor\" data-id=\"b31e613\" data-element_type=\"widget\" data-widget_type=\"text-editor.default\">\n\t\t\t\t<div class=\"elementor-widget-container\">\n\t\t\t<style>\/*! elementor - v3.14.0 - 26-06-2023 *\/\n.elementor-widget-text-editor.elementor-drop-cap-view-stacked .elementor-drop-cap{background-color:#69727d;color:#fff}.elementor-widget-text-editor.elementor-drop-cap-view-framed .elementor-drop-cap{color:#69727d;border:3px solid;background-color:transparent}.elementor-widget-text-editor:not(.elementor-drop-cap-view-default) .elementor-drop-cap{margin-top:8px}.elementor-widget-text-editor:not(.elementor-drop-cap-view-default) .elementor-drop-cap-letter{width:1em;height:1em}.elementor-widget-text-editor .elementor-drop-cap{float:left;text-align:center;line-height:1;font-size:50px}.elementor-widget-text-editor .elementor-drop-cap-letter{display:inline-block}<\/style>\t\t\t\tChez Pare-Brise 78, nous voyons r\u00e9guli\u00e8rement arriver des v\u00e9hicules ab\u00eem\u00e9s par des poses b\u00e2cl\u00e9es : mauvaise colle, joints mal appliqu\u00e9s, carrosserie rouill\u00e9e, fuites d\u2019eau\u2026<br>\nR\u00e9sultat : des catastrophes pour le client.\n<br><br>\n\u2705 Avec Pare-Brise 78, vous avez l\u2019assurance d\u2019une pose dans les r\u00e8gles de l\u2019art : s\u00e9curit\u00e9, \u00e9tanch\u00e9it\u00e9 et durabilit\u00e9 garanties.\t\t\t\t\t\t<\/div>\n\t\t\t\t<\/div>\n\t\t\t\t\t<\/div>\n\t\t<\/div>\n\t\t\t\t\t\t\t<\/div>\n\t\t<\/section>\n\t\t\t\t<section class=\"elementor-section elementor-top-section elementor-element elementor-element-445687a elementor-section-boxed elementor-section-height-default elementor-section-height-default\" data-id=\"445687a\" data-element_type=\"section\">\n\t\t\t\t\t\t<div class=\"elementor-container elementor-column-gap-default\">\n\t\t\t\t\t<div class=\"elementor-column elementor-col-33 elementor-top-column elementor-element elementor-element-cb03e27\" data-id=\"cb03e27\" data-element_type=\"column\">\n\t\t\t<div class=\"elementor-widget-wrap elementor-element-populated\">\n\t\t\t\t\t\t\t\t<div class=\"elementor-element elementor-element-971fa7f elementor-widget elementor-widget-image\" data-id=\"971fa7f\" data-element_type=\"widget\" data-widget_type=\"image.default\">\n\t\t\t\t<div class=\"elementor-widget-container\">\n\t\t\t<style>\/*! elementor - v3.14.0 - 26-06-2023 *\/\n.elementor-widget-image{text-align:center}.elementor-widget-image a{display:inline-block}.elementor-widget-image a img[src$=\".svg\"]{width:48px}.elementor-widget-image img{vertical-align:middle;display:inline-block}<\/style>\t\t\t\t\t\t\t\t\t\t\t\t<img loading=\"lazy\" decoding=\"async\" width=\"461\" height=\"1024\" src=\"https:\/\/parebrise78.com\/wp-content\/uploads\/2025\/08\/20250528_113306-461x1024.jpg\" class=\"attachment-large size-large wp-image-2101\" alt=\"\" srcset=\"https:\/\/parebrise78.com\/wp-content\/uploads\/2025\/08\/20250528_113306-461x1024.jpg 461w, https:\/\/parebrise78.com\/wp-content\/uploads\/2025\/08\/20250528_113306-135x300.jpg 135w, https:\/\/parebrise78.com\/wp-content\/uploads\/2025\/08\/20250528_113306-768x1707.jpg 768w, https:\/\/parebrise78.com\/wp-content\/uploads\/2025\/08\/20250528_113306-691x1536.jpg 691w, https:\/\/parebrise78.com\/wp-content\/uploads\/2025\/08\/20250528_113306-922x2048.jpg 922w, https:\/\/parebrise78.com\/wp-content\/uploads\/2025\/08\/20250528_113306-scaled.jpg 1152w\" sizes=\"auto, (max-width: 461px) 100vw, 461px\" \/>\t\t\t\t\t\t\t\t\t\t\t\t\t\t\t<\/div>\n\t\t\t\t<\/div>\n\t\t\t\t\t<\/div>\n\t\t<\/div>\n\t\t\t\t<div class=\"elementor-column elementor-col-33 elementor-top-column elementor-element elementor-element-6f4ef52\" data-id=\"6f4ef52\" data-element_type=\"column\">\n\t\t\t<div class=\"elementor-widget-wrap elementor-element-populated\">\n\t\t\t\t\t\t\t\t<div class=\"elementor-element elementor-element-c04bd2d elementor-widget elementor-widget-image\" data-id=\"c04bd2d\" data-element_type=\"widget\" data-widget_type=\"image.default\">\n\t\t\t\t<div class=\"elementor-widget-container\">\n\t\t\t\t\t\t\t\t\t\t\t\t\t\t\t<img loading=\"lazy\" decoding=\"async\" width=\"461\" height=\"1024\" src=\"https:\/\/parebrise78.com\/wp-content\/uploads\/2025\/08\/20250603_095556-461x1024.jpg\" class=\"attachment-large size-large wp-image-2102\" alt=\"\" srcset=\"https:\/\/parebrise78.com\/wp-content\/uploads\/2025\/08\/20250603_095556-461x1024.jpg 461w, https:\/\/parebrise78.com\/wp-content\/uploads\/2025\/08\/20250603_095556-135x300.jpg 135w, https:\/\/parebrise78.com\/wp-content\/uploads\/2025\/08\/20250603_095556-768x1707.jpg 768w, https:\/\/parebrise78.com\/wp-content\/uploads\/2025\/08\/20250603_095556-691x1536.jpg 691w, https:\/\/parebrise78.com\/wp-content\/uploads\/2025\/08\/20250603_095556-922x2048.jpg 922w, https:\/\/parebrise78.com\/wp-content\/uploads\/2025\/08\/20250603_095556-scaled.jpg 1152w\" sizes=\"auto, (max-width: 461px) 100vw, 461px\" \/>\t\t\t\t\t\t\t\t\t\t\t\t\t\t\t<\/div>\n\t\t\t\t<\/div>\n\t\t\t\t\t<\/div>\n\t\t<\/div>\n\t\t\t\t<div class=\"elementor-column elementor-col-33 elementor-top-column elementor-element elementor-element-22c107f\" data-id=\"22c107f\" data-element_type=\"column\">\n\t\t\t<div class=\"elementor-widget-wrap elementor-element-populated\">\n\t\t\t\t\t\t\t\t<div class=\"elementor-element elementor-element-6800bbf elementor-widget elementor-widget-image\" data-id=\"6800bbf\" data-element_type=\"widget\" data-widget_type=\"image.default\">\n\t\t\t\t<div class=\"elementor-widget-container\">\n\t\t\t\t\t\t\t\t\t\t\t\t\t\t\t<img loading=\"lazy\" decoding=\"async\" width=\"461\" height=\"1024\" src=\"https:\/\/parebrise78.com\/wp-content\/uploads\/2025\/08\/20250603_100151-461x1024.jpg\" class=\"attachment-large size-large wp-image-2103\" alt=\"\" srcset=\"https:\/\/parebrise78.com\/wp-content\/uploads\/2025\/08\/20250603_100151-461x1024.jpg 461w, https:\/\/parebrise78.com\/wp-content\/uploads\/2025\/08\/20250603_100151-135x300.jpg 135w, https:\/\/parebrise78.com\/wp-content\/uploads\/2025\/08\/20250603_100151-768x1707.jpg 768w, https:\/\/parebrise78.com\/wp-content\/uploads\/2025\/08\/20250603_100151-691x1536.jpg 691w, https:\/\/parebrise78.com\/wp-content\/uploads\/2025\/08\/20250603_100151-922x2048.jpg 922w, https:\/\/parebrise78.com\/wp-content\/uploads\/2025\/08\/20250603_100151-scaled.jpg 1152w\" sizes=\"auto, (max-width: 461px) 100vw, 461px\" \/>\t\t\t\t\t\t\t\t\t\t\t\t\t\t\t<\/div>\n\t\t\t\t<\/div>\n\t\t\t\t\t<\/div>\n\t\t<\/div>\n\t\t\t\t\t\t\t<\/div>\n\t\t<\/section>\n\t\t\t\t\t\t\t<\/div>\n\t\t","protected":false},"excerpt":{"rendered":"<p>\ud83d\udd34 Ce qu\u2019il ne faut jamais faire ! Chez Pare-Brise 78, nous voyons r\u00e9guli\u00e8rement arriver des v\u00e9hicules ab\u00eem\u00e9s par des poses b\u00e2cl\u00e9es : mauvaise colle, joints mal appliqu\u00e9s, carrosserie rouill\u00e9e, fuites d\u2019eau\u2026 R\u00e9sultat : des catastrophes pour le client. \u2705 Avec Pare-Brise 78, vous avez l\u2019assurance d\u2019une pose dans les r\u00e8gles de l\u2019art : s\u00e9curit\u00e9,&#8230;<\/p>\n","protected":false},"author":1,"featured_media":0,"parent":0,"menu_order":0,"comment_status":"closed","ping_status":"closed","template":"","meta":{"iawp_total_views":26,"footnotes":""},"class_list":["post-2099","page","type-page","status-publish","hentry"],"aioseo_notices":[],"jetpack_sharing_enabled":true,"_links":{"self":[{"href":"https:\/\/parebrise78.com\/index.php\/wp-json\/wp\/v2\/pages\/2099","targetHints":{"allow":["GET"]}}],"collection":[{"href":"https:\/\/parebrise78.com\/index.php\/wp-json\/wp\/v2\/pages"}],"about":[{"href":"https:\/\/parebrise78.com\/index.php\/wp-json\/wp\/v2\/types\/page"}],"author":[{"embeddable":true,"href":"https:\/\/parebrise78.com\/index.php\/wp-json\/wp\/v2\/users\/1"}],"replies":[{"embeddable":true,"href":"https:\/\/parebrise78.com\/index.php\/wp-json\/wp\/v2\/comments?post=2099"}],"version-history":[{"count":5,"href":"https:\/\/parebrise78.com\/index.php\/wp-json\/wp\/v2\/pages\/2099\/revisions"}],"predecessor-version":[{"id":2107,"href":"https:\/\/parebrise78.com\/index.php\/wp-json\/wp\/v2\/pages\/2099\/revisions\/2107"}],"wp:attachment":[{"href":"https:\/\/parebrise78.com\/index.php\/wp-json\/wp\/v2\/media?parent=2099"}],"curies":[{"name":"wp","href":"https:\/\/api.w.org\/{rel}","templated":true}]}}