{"id":2074,"date":"2025-07-25T14:40:55","date_gmt":"2025-07-25T12:40:55","guid":{"rendered":"https:\/\/parebrise78.com\/?page_id=2074"},"modified":"2025-07-25T14:41:03","modified_gmt":"2025-07-25T12:41:03","slug":"pares-brise-de-collection","status":"publish","type":"page","link":"https:\/\/parebrise78.com\/index.php\/pares-brise-de-collection\/","title":{"rendered":"Pares brise de collection"},"content":{"rendered":"\n<figure class=\"wp-block-gallery has-nested-images columns-default is-cropped wp-block-gallery-1\">\n<figure class=\"wp-block-image size-large\"><img loading=\"lazy\" decoding=\"async\" width=\"800\" height=\"800\" data-id=\"2076\" src=\"https:\/\/parebrise78.com\/wp-content\/uploads\/2025\/07\/pare-brise-coupe-ou-cabriolet-avec-logo-ford-mustang-2005-2014.jpg\" alt=\"\" class=\"wp-image-2076\" srcset=\"https:\/\/parebrise78.com\/wp-content\/uploads\/2025\/07\/pare-brise-coupe-ou-cabriolet-avec-logo-ford-mustang-2005-2014.jpg 800w, https:\/\/parebrise78.com\/wp-content\/uploads\/2025\/07\/pare-brise-coupe-ou-cabriolet-avec-logo-ford-mustang-2005-2014-300x300.jpg 300w, https:\/\/parebrise78.com\/wp-content\/uploads\/2025\/07\/pare-brise-coupe-ou-cabriolet-avec-logo-ford-mustang-2005-2014-150x150.jpg 150w, https:\/\/parebrise78.com\/wp-content\/uploads\/2025\/07\/pare-brise-coupe-ou-cabriolet-avec-logo-ford-mustang-2005-2014-768x768.jpg 768w, https:\/\/parebrise78.com\/wp-content\/uploads\/2025\/07\/pare-brise-coupe-ou-cabriolet-avec-logo-ford-mustang-2005-2014-80x80.jpg 80w, https:\/\/parebrise78.com\/wp-content\/uploads\/2025\/07\/pare-brise-coupe-ou-cabriolet-avec-logo-ford-mustang-2005-2014-580x580.jpg 580w\" sizes=\"auto, (max-width: 800px) 100vw, 800px\" \/><\/figure>\n\n\n\n<figure class=\"wp-block-image size-large\"><img loading=\"lazy\" decoding=\"async\" width=\"800\" height=\"800\" data-id=\"2075\" src=\"https:\/\/parebrise78.com\/wp-content\/uploads\/2025\/07\/pare-brise-d-origine-ford-carlite-vert-65-68.jpg\" alt=\"\" class=\"wp-image-2075\" srcset=\"https:\/\/parebrise78.com\/wp-content\/uploads\/2025\/07\/pare-brise-d-origine-ford-carlite-vert-65-68.jpg 800w, https:\/\/parebrise78.com\/wp-content\/uploads\/2025\/07\/pare-brise-d-origine-ford-carlite-vert-65-68-300x300.jpg 300w, https:\/\/parebrise78.com\/wp-content\/uploads\/2025\/07\/pare-brise-d-origine-ford-carlite-vert-65-68-150x150.jpg 150w, https:\/\/parebrise78.com\/wp-content\/uploads\/2025\/07\/pare-brise-d-origine-ford-carlite-vert-65-68-768x768.jpg 768w, https:\/\/parebrise78.com\/wp-content\/uploads\/2025\/07\/pare-brise-d-origine-ford-carlite-vert-65-68-80x80.jpg 80w, https:\/\/parebrise78.com\/wp-content\/uploads\/2025\/07\/pare-brise-d-origine-ford-carlite-vert-65-68-580x580.jpg 580w\" sizes=\"auto, (max-width: 800px) 100vw, 800px\" \/><\/figure>\n<\/figure>\n\n\n\n<p><strong>D\u00e9couvrez notre s\u00e9lection exclusive de pares-brise de collection pour v\u00e9hicules rares et mod\u00e8les sp\u00e9ciaux. Ces pi\u00e8ces haut de gamme allient authenticit\u00e9, technologie avanc\u00e9e et finition luxe, parfaites pour les amateurs exigeants. Verres sur mesure certifi\u00e9s, avec options anti-\u00e9clats et traitement acoustique premium.<\/strong><\/p>\n","protected":false},"excerpt":{"rendered":"<p>D\u00e9couvrez notre s\u00e9lection exclusive de pares-brise de collection pour v\u00e9hicules rares et mod\u00e8les sp\u00e9ciaux. Ces pi\u00e8ces haut de gamme allient authenticit\u00e9, technologie avanc\u00e9e et finition luxe, parfaites pour les amateurs exigeants. Verres sur mesure certifi\u00e9s, avec options anti-\u00e9clats et traitement acoustique premium.<\/p>\n","protected":false},"author":1,"featured_media":0,"parent":0,"menu_order":0,"comment_status":"closed","ping_status":"closed","template":"","meta":{"iawp_total_views":29,"footnotes":""},"class_list":["post-2074","page","type-page","status-publish","hentry","page--item"],"aioseo_notices":[],"jetpack_sharing_enabled":true,"_links":{"self":[{"href":"https:\/\/parebrise78.com\/index.php\/wp-json\/wp\/v2\/pages\/2074","targetHints":{"allow":["GET"]}}],"collection":[{"href":"https:\/\/parebrise78.com\/index.php\/wp-json\/wp\/v2\/pages"}],"about":[{"href":"https:\/\/parebrise78.com\/index.php\/wp-json\/wp\/v2\/types\/page"}],"author":[{"embeddable":true,"href":"https:\/\/parebrise78.com\/index.php\/wp-json\/wp\/v2\/users\/1"}],"replies":[{"embeddable":true,"href":"https:\/\/parebrise78.com\/index.php\/wp-json\/wp\/v2\/comments?post=2074"}],"version-history":[{"count":1,"href":"https:\/\/parebrise78.com\/index.php\/wp-json\/wp\/v2\/pages\/2074\/revisions"}],"predecessor-version":[{"id":2078,"href":"https:\/\/parebrise78.com\/index.php\/wp-json\/wp\/v2\/pages\/2074\/revisions\/2078"}],"wp:attachment":[{"href":"https:\/\/parebrise78.com\/index.php\/wp-json\/wp\/v2\/media?parent=2074"}],"curies":[{"name":"wp","href":"https:\/\/api.w.org\/{rel}","templated":true}]}}